





    {"id":1865,"date":"2025-01-05T21:53:34","date_gmt":"2025-01-05T20:53:34","guid":{"rendered":"https:\/\/www.homesweetsweden.se\/boende\/"},"modified":"2025-01-06T20:24:48","modified_gmt":"2025-01-06T19:24:48","slug":"boende","status":"publish","type":"page","link":"https:\/\/www.homesweetsweden.se\/sv\/boende\/","title":{"rendered":"Boende"},"content":{"rendered":"<div class=\"vce-row-container\" data-vce-boxed-width=\"true\"><div class=\"vce-row vce-row--col-gap-30 vce-row-equal-height vce-row-content--top\" id=\"el-c3a92d16\" data-vce-do-apply=\"all el-c3a92d16\"><div class=\"vce-row-content\" data-vce-element-content=\"true\"><div class=\"vce-col vce-col--md-auto vce-col--xs-1 vce-col--xs-last vce-col--xs-first vce-col--sm-last vce-col--sm-first vce-col--md-last vce-col--lg-last vce-col--xl-last vce-col--md-first vce-col--lg-first vce-col--xl-first\" id=\"el-158fc9f2\"><div class=\"vce-col-inner\" data-vce-do-apply=\"border margin background  el-158fc9f2\"><div class=\"vce-col-content\" data-vce-element-content=\"true\" data-vce-do-apply=\"padding el-158fc9f2\"><div class=\"vcv-row-control-wrapper\"><\/div><\/div><\/div><\/div><\/div><\/div><\/div><div class=\"vce-row-container\" data-vce-boxed-width=\"true\"><div class=\"vce-row vce-row--col-gap-30 vce-row-equal-height vce-row-content--top\" id=\"el-f3e60673\" data-vce-do-apply=\"all el-f3e60673\"><div class=\"vce-row-content\" data-vce-element-content=\"true\"><div class=\"vce-col vce-col--md-auto vce-col--xs-1 vce-col--xs-last vce-col--xs-first vce-col--sm-last vce-col--sm-first vce-col--md-last vce-col--lg-last vce-col--xl-last vce-col--md-first vce-col--lg-first vce-col--xl-first\" id=\"el-71179082\"><div class=\"vce-col-inner\" data-vce-do-apply=\"border margin background  el-71179082\"><div class=\"vce-col-content\" data-vce-element-content=\"true\" data-vce-do-apply=\"padding el-71179082\"><div class=\"vce-shortcode\"><div class=\"vce-shortcode-wrapper vce\" id=\"el-5529cef7\" data-vce-do-apply=\"all el-5529cef7\"><div class=\"properties-list\"><div class=\"property-card\"><div class=\"property-image\"><a href=\"https:\/\/www.homesweetsweden.se\/accommodations\/homesweetsweden?start_date&#038;end_date&#038;Guests=1\"><img src=\"https:\/\/www.homesweetsweden.se\/wp-content\/uploads\/2024\/11\/IMG_8038-scaled.jpeg\" alt=\"HomeSweetSweden\"><\/a><div class=\"price-badge\">from 1050 SEK\/natt<\/div><\/div><div class=\"property-details\"><h2><a href=\"https:\/\/www.homesweetsweden.se\/accommodations\/homesweetsweden?start_date&#038;end_date&#038;Guests=1\">HomeSweetSweden<\/a><\/h2><p class=\"location\"><i class=\"fa fa-map-location info-icon\"><\/i> G\u00e4rd\u00e5s 207, 782 90, Malung-S\u00e4len<\/p><p><div class=\"property-info\"><span class=\"property-column\"><i class=\"fa fa-users info-icon\"><\/i> 4 g\u00e4ster<\/span><span class=\"property-column\"><i class=\"fa fa-house info-icon\"><\/i> 1 sovrum<\/span><span class=\"property-column\"><i class=\"fa fa-bed info-icon\"><\/i> 3 s\u00e4ngar<\/span><span class=\"property-column\"><i class=\"fa fa-moon info-icon\"><\/i> min. vistelse 2 n\u00e4tter<\/span><\/div><\/p><p class=\"short-description\">Denna charmiga stuga, k\u00e4rleksfullt restaurerad 2021, kombinerar modern komfort med den autentiska svenska k\u00e4nslan. H\u00e4r finns ett fullt utrustat k\u00f6k, ett rymligt badrum med dusch, toalett och tv\u00e4ttmaskin, en mysig sittgrupp och ett runt matbord. Stugan v\u00e4rms upp elektriskt och med en vedeldad kamin. Sovrummet har en stor king size-s\u00e4ng och en v\u00e5ningss\u00e4ng. Utanf\u00f6r finns en eldstad och en grill - perfekt f\u00f6r l\u00e5nga sommarkv\u00e4llar eller vintermys runt elden.<\/p><br><p class=\"select-dates-message\">V\u00e4nligen v\u00e4lj ett inchecknings- och utcheckningsdatum f\u00f6r att se tillg\u00e4ngligheten.<\/p><\/div><\/div><div class=\"property-card\"><div class=\"property-image\"><a href=\"https:\/\/www.homesweetsweden.se\/accommodations\/cabin-in-the-woods?start_date&#038;end_date&#038;Guests=1\"><img src=\"https:\/\/www.homesweetsweden.se\/wp-content\/uploads\/2025\/01\/IMG_8838-scaled.jpeg\" alt=\"Cabin in the Woods\"><\/a><div class=\"price-badge\">from 1200 SEK\/natt<\/div><\/div><div class=\"property-details\"><h2><a href=\"https:\/\/www.homesweetsweden.se\/accommodations\/cabin-in-the-woods?start_date&#038;end_date&#038;Guests=1\">Cabin in the Woods<\/a><\/h2><p class=\"location\"><i class=\"fa fa-map-location info-icon\"><\/i> Idfj\u00e4rden 16, 782 91, Malung-S\u00e4len<\/p><p><div class=\"property-info\"><span class=\"property-column\"><i class=\"fa fa-users info-icon\"><\/i> 4 g\u00e4ster<\/span><span class=\"property-column\"><i class=\"fa fa-house info-icon\"><\/i> 2 sovrum<\/span><span class=\"property-column\"><i class=\"fa fa-bed info-icon\"><\/i> 3 s\u00e4ngar<\/span><span class=\"property-column\"><i class=\"fa fa-moon info-icon\"><\/i> min. vistelse 2 n\u00e4tter<\/span><\/div><\/p><p class=\"short-description\">En charmig stuga fr\u00e5n 2018, perfekt f\u00f6r en \u00e4ventyrlig och avkopplande vistelse i naturen. Med ett mysigt loft, ett fullt utrustat k\u00f6k, ett modernt badrum och en v\u00e4rmande vedkamin \u00e4r detta den perfekta platsen att koppla av. Utomhus finns en privat eldstad och grill, d\u00e4r du kan njuta av den friska skogsluften och stj\u00e4rnklara n\u00e4tter. Cabin in the Woods kombinerar komfort med Dalarnas fantastiska natur \u2013 perfekt f\u00f6r avkoppling, vandring eller att spana efter djurliv.<\/p><br><p class=\"select-dates-message\">V\u00e4nligen v\u00e4lj ett inchecknings- och utcheckningsdatum f\u00f6r att se tillg\u00e4ngligheten.<\/p><\/div><\/div><\/div><\/div><\/div><\/div><\/div><\/div><\/div><\/div><\/div>","protected":false},"excerpt":{"rendered":"","protected":false},"author":1,"featured_media":0,"parent":0,"menu_order":0,"comment_status":"closed","ping_status":"closed","template":"page-with-sidebar.php","meta":{"footnotes":""},"class_list":["post-1865","page","type-page","status-publish","hentry"],"_links":{"self":[{"href":"https:\/\/www.homesweetsweden.se\/sv\/wp-json\/wp\/v2\/pages\/1865","targetHints":{"allow":["GET"]}}],"collection":[{"href":"https:\/\/www.homesweetsweden.se\/sv\/wp-json\/wp\/v2\/pages"}],"about":[{"href":"https:\/\/www.homesweetsweden.se\/sv\/wp-json\/wp\/v2\/types\/page"}],"author":[{"embeddable":true,"href":"https:\/\/www.homesweetsweden.se\/sv\/wp-json\/wp\/v2\/users\/1"}],"replies":[{"embeddable":true,"href":"https:\/\/www.homesweetsweden.se\/sv\/wp-json\/wp\/v2\/comments?post=1865"}],"version-history":[{"count":1,"href":"https:\/\/www.homesweetsweden.se\/sv\/wp-json\/wp\/v2\/pages\/1865\/revisions"}],"predecessor-version":[{"id":1930,"href":"https:\/\/www.homesweetsweden.se\/sv\/wp-json\/wp\/v2\/pages\/1865\/revisions\/1930"}],"wp:attachment":[{"href":"https:\/\/www.homesweetsweden.se\/sv\/wp-json\/wp\/v2\/media?parent=1865"}],"curies":[{"name":"wp","href":"https:\/\/api.w.org\/{rel}","templated":true}]}}