





    {"id":1627,"date":"2024-11-13T11:22:02","date_gmt":"2024-11-13T10:22:02","guid":{"rendered":"https:\/\/www.homesweetsweden.se\/?page_id=1627"},"modified":"2025-01-09T11:27:38","modified_gmt":"2025-01-09T10:27:38","slug":"accommodaties","status":"publish","type":"page","link":"https:\/\/www.homesweetsweden.se\/nl\/accommodaties\/","title":{"rendered":"Accomodaties"},"content":{"rendered":"<div class=\"vce-row-container\" data-vce-boxed-width=\"true\"><div class=\"vce-row vce-row--col-gap-30 vce-row-equal-height vce-row-content--top\" id=\"el-c3a92d16\" data-vce-do-apply=\"all el-c3a92d16\"><div class=\"vce-row-content\" data-vce-element-content=\"true\"><div class=\"vce-col vce-col--md-auto vce-col--xs-1 vce-col--xs-last vce-col--xs-first vce-col--sm-last vce-col--sm-first vce-col--md-last vce-col--lg-last vce-col--xl-last vce-col--md-first vce-col--lg-first vce-col--xl-first\" id=\"el-158fc9f2\"><div class=\"vce-col-inner\" data-vce-do-apply=\"border margin background  el-158fc9f2\"><div class=\"vce-col-content\" data-vce-element-content=\"true\" data-vce-do-apply=\"padding el-158fc9f2\"><div class=\"vcv-row-control-wrapper\"><\/div><\/div><\/div><\/div><\/div><\/div><\/div><div class=\"vce-row-container\" data-vce-boxed-width=\"true\"><div class=\"vce-row vce-row--col-gap-30 vce-row-equal-height vce-row-content--top\" id=\"el-f3e60673\" data-vce-do-apply=\"all el-f3e60673\"><div class=\"vce-row-content\" data-vce-element-content=\"true\"><div class=\"vce-col vce-col--md-auto vce-col--xs-1 vce-col--xs-last vce-col--xs-first vce-col--sm-last vce-col--sm-first vce-col--md-last vce-col--lg-last vce-col--xl-last vce-col--md-first vce-col--lg-first vce-col--xl-first\" id=\"el-71179082\"><div class=\"vce-col-inner\" data-vce-do-apply=\"border margin background  el-71179082\"><div class=\"vce-col-content\" data-vce-element-content=\"true\" data-vce-do-apply=\"padding el-71179082\"><div class=\"vce-shortcode\"><div class=\"vce-shortcode-wrapper vce\" id=\"el-5529cef7\" data-vce-do-apply=\"all el-5529cef7\"><div class=\"properties-list\"><div class=\"property-card\"><div class=\"property-image\"><a href=\"https:\/\/www.homesweetsweden.se\/accommodations\/homesweetsweden?start_date&#038;end_date&#038;Guests=1\"><img src=\"https:\/\/www.homesweetsweden.se\/wp-content\/uploads\/2024\/11\/IMG_8038-scaled.jpeg\" alt=\"HomeSweetSweden\"><\/a><div class=\"price-badge\">from 1050 SEK\/nacht<\/div><\/div><div class=\"property-details\"><h2><a href=\"https:\/\/www.homesweetsweden.se\/accommodations\/homesweetsweden?start_date&#038;end_date&#038;Guests=1\">HomeSweetSweden<\/a><\/h2><p class=\"location\"><i class=\"fa fa-map-location info-icon\"><\/i> G\u00e4rd\u00e5s 207, 782 90, Malung-S\u00e4len<\/p><p><div class=\"property-info\"><span class=\"property-column\"><i class=\"fa fa-users info-icon\"><\/i> 4 gasten<\/span><span class=\"property-column\"><i class=\"fa fa-house info-icon\"><\/i> 1 slaapkamer(s)<\/span><span class=\"property-column\"><i class=\"fa fa-bed info-icon\"><\/i> 3 bedden<\/span><span class=\"property-column\"><i class=\"fa fa-moon info-icon\"><\/i> min. 2 nachten<\/span><\/div><\/p><p class=\"short-description\">Deze charmante stuga, liefdevol gerestaureerd in 2021, combineert modern comfort met het authentieke Zweedse gevoel. Binnen vind je een volledig ingerichte keuken, een ruime badkamer met douche, toilet en wasmachine, een gezellige zithoek en ronde eettafel. De stuga wordt elektrisch verwarmt en met een houtkachel. In de slaapkamer staat een groot kingsize bed en een stapelbeld. Buiten is er een vuurplaats en BBQ \u2013 perfect voor lange zomeravonden of winterse gezelligheid rondom het vuur.<\/p><br><p class=\"select-dates-message\">Selecteer een aankomst- en vertrekdatum om de beschikbaarheid te zien.<\/p><\/div><\/div><div class=\"property-card\"><div class=\"property-image\"><a href=\"https:\/\/www.homesweetsweden.se\/accommodations\/cabin-in-the-woods?start_date&#038;end_date&#038;Guests=1\"><img src=\"https:\/\/www.homesweetsweden.se\/wp-content\/uploads\/2025\/01\/IMG_8838-scaled.jpeg\" alt=\"Cabin in the Woods\"><\/a><div class=\"price-badge\">from 1200 SEK\/nacht<\/div><\/div><div class=\"property-details\"><h2><a href=\"https:\/\/www.homesweetsweden.se\/accommodations\/cabin-in-the-woods?start_date&#038;end_date&#038;Guests=1\">Cabin in the Woods<\/a><\/h2><p class=\"location\"><i class=\"fa fa-map-location info-icon\"><\/i> Idfj\u00e4rden 16, 782 91, Malung-S\u00e4len<\/p><p><div class=\"property-info\"><span class=\"property-column\"><i class=\"fa fa-users info-icon\"><\/i> 4 gasten<\/span><span class=\"property-column\"><i class=\"fa fa-house info-icon\"><\/i> 2 slaapkamer(s)<\/span><span class=\"property-column\"><i class=\"fa fa-bed info-icon\"><\/i> 3 bedden<\/span><span class=\"property-column\"><i class=\"fa fa-moon info-icon\"><\/i> min. 2 nachten<\/span><\/div><\/p><p class=\"short-description\">Een sfeervolle blokhut uit 2018, perfect voor een avontuurlijk en ontspannen verblijf in de natuur. Met een knusse loft, een volledig uitgeruste keuken, een moderne badkamer en een gezellige houtkachel is dit de ideale plek om tot rust te komen. Buiten wachten een priv\u00e9 vuurplaats en BBQ om heerlijk van de boslucht en sterrenhemel te genieten. Cabin in the Woods combineert comfort met de prachtige natuur van Dalarna \u2013 perfect om te ontspannen, wandelen of dieren te spotten.<\/p><br><p class=\"select-dates-message\">Selecteer een aankomst- en vertrekdatum om de beschikbaarheid te zien.<\/p><\/div><\/div><\/div><\/div><\/div><\/div><\/div><\/div><\/div><\/div><\/div>","protected":false},"excerpt":{"rendered":"","protected":false},"author":1,"featured_media":0,"parent":0,"menu_order":0,"comment_status":"closed","ping_status":"closed","template":"page-with-sidebar.php","meta":{"footnotes":""},"class_list":["post-1627","page","type-page","status-publish","hentry"],"_links":{"self":[{"href":"https:\/\/www.homesweetsweden.se\/nl\/wp-json\/wp\/v2\/pages\/1627","targetHints":{"allow":["GET"]}}],"collection":[{"href":"https:\/\/www.homesweetsweden.se\/nl\/wp-json\/wp\/v2\/pages"}],"about":[{"href":"https:\/\/www.homesweetsweden.se\/nl\/wp-json\/wp\/v2\/types\/page"}],"author":[{"embeddable":true,"href":"https:\/\/www.homesweetsweden.se\/nl\/wp-json\/wp\/v2\/users\/1"}],"replies":[{"embeddable":true,"href":"https:\/\/www.homesweetsweden.se\/nl\/wp-json\/wp\/v2\/comments?post=1627"}],"version-history":[{"count":9,"href":"https:\/\/www.homesweetsweden.se\/nl\/wp-json\/wp\/v2\/pages\/1627\/revisions"}],"predecessor-version":[{"id":1763,"href":"https:\/\/www.homesweetsweden.se\/nl\/wp-json\/wp\/v2\/pages\/1627\/revisions\/1763"}],"wp:attachment":[{"href":"https:\/\/www.homesweetsweden.se\/nl\/wp-json\/wp\/v2\/media?parent=1627"}],"curies":[{"name":"wp","href":"https:\/\/api.w.org\/{rel}","templated":true}]}}