





    {"id":137,"date":"2018-07-02T14:09:20","date_gmt":"2018-07-02T14:09:20","guid":{"rendered":"https:\/\/themes.getmotopress.com\/mountainview\/?page_id=137"},"modified":"2025-01-03T20:56:59","modified_gmt":"2025-01-03T19:56:59","slug":"contact-ons","status":"publish","type":"page","link":"https:\/\/www.homesweetsweden.se\/nl\/contact-ons\/","title":{"rendered":"Neem contact op"},"content":{"rendered":"<div class=\"vce-row-container\" data-vce-boxed-width=\"true\"><div class=\"vce-row vce-row--col-gap-30 vce-row-equal-height vce-row-content--top\" id=\"el-6119efd7\" data-vce-do-apply=\"all el-6119efd7\"><div class=\"vce-row-content\" data-vce-element-content=\"true\"><div class=\"vce-col vce-col--md-auto vce-col--xs-1 vce-col--xs-last vce-col--xs-first vce-col--sm-last vce-col--sm-first vce-col--md-last vce-col--lg-last vce-col--xl-last vce-col--md-first vce-col--lg-first vce-col--xl-first\" id=\"el-e359dcb6\"><div class=\"vce-col-inner\" data-vce-do-apply=\"border margin background  el-e359dcb6\"><div class=\"vce-col-content\" data-vce-element-content=\"true\" data-vce-do-apply=\"padding el-e359dcb6\"><div class=\"vce-text-block\"><div class=\"vce-text-block-wrapper vce\" id=\"el-ea1004ab\" data-vce-do-apply=\"all el-ea1004ab\">\n<h1 class=\"wp-block-heading\">&nbsp;<\/h1>\n<h1><strong>Contact Informatie &amp; Locatie<\/strong><\/h1>\n<\/div><\/div><div class=\"vce-text-block\"><div class=\"vce-text-block-wrapper vce\" id=\"el-c3207867\" data-vce-do-apply=\"all el-c3207867\">\n<h3>HomeSweetSweden<\/h3>\n\n<p>G\u00e4rd\u00e5s 207<\/p>\n<p>78290 Malung-S\u00e4len<\/p>\n<p>Zweden<\/p>\n<p>&nbsp;<\/p>\n<h3>Cabin in the Woods<\/h3>\n<p>Idfj\u00e4rden 16<\/p>\n<p>78291 Malung-S\u00e4len<\/p>\n<p>Zweden<\/p>\n<p>&nbsp;<\/p>\n<\/div><\/div><\/div><\/div><\/div><\/div><\/div><\/div><div class=\"vce-row-container\" data-vce-boxed-width=\"true\"><div class=\"vce-row vce-row--col-gap-30 vce-row-equal-height vce-row-content--top\" id=\"el-b09a96fc\" data-vce-do-apply=\"all el-b09a96fc\"><div class=\"vce-row-content\" data-vce-element-content=\"true\"><div class=\"vce-col vce-col--md-auto vce-col--xs-1 vce-col--xs-last vce-col--xs-first vce-col--sm-last vce-col--sm-first vce-col--md-last vce-col--lg-last vce-col--xl-last vce-col--md-first vce-col--lg-first vce-col--xl-first\" id=\"el-7af5afa6\"><div class=\"vce-col-inner\" data-vce-do-apply=\"border margin background  el-7af5afa6\"><div class=\"vce-col-content\" data-vce-element-content=\"true\" data-vce-do-apply=\"padding el-7af5afa6\"><div class=\"vce-text-block\"><div class=\"vce-text-block-wrapper vce\" id=\"el-bbfac7c4\" data-vce-do-apply=\"all el-bbfac7c4\"><h2>Neem contact op<\/h2><\/div><\/div><div class=\"vce-shortcode\"><div class=\"vce-shortcode-wrapper vce\" id=\"el-bbdc7ba8\" data-vce-do-apply=\"all el-bbdc7ba8\"><p class=\"wpcf7-contact-form-not-found\"><strong>Fout:<\/strong> Contact formulier niet gevonden.<\/p><\/div><\/div><\/div><\/div><\/div><\/div><\/div><\/div>","protected":false},"excerpt":{"rendered":"<p>&nbsp; Contact Informatie &amp; Locatie HomeSweetSweden G\u00e4rd\u00e5s 207 78290 Malung-S\u00e4len Zweden &nbsp; Cabin in the Woods Idfj\u00e4rden 16 78291 Malung-S\u00e4len Zweden &nbsp; Neem contact op<\/p>\n","protected":false},"author":1,"featured_media":0,"parent":0,"menu_order":0,"comment_status":"closed","ping_status":"closed","template":"","meta":{"footnotes":""},"class_list":["post-137","page","type-page","status-publish","hentry"],"_links":{"self":[{"href":"https:\/\/www.homesweetsweden.se\/nl\/wp-json\/wp\/v2\/pages\/137","targetHints":{"allow":["GET"]}}],"collection":[{"href":"https:\/\/www.homesweetsweden.se\/nl\/wp-json\/wp\/v2\/pages"}],"about":[{"href":"https:\/\/www.homesweetsweden.se\/nl\/wp-json\/wp\/v2\/types\/page"}],"author":[{"embeddable":true,"href":"https:\/\/www.homesweetsweden.se\/nl\/wp-json\/wp\/v2\/users\/1"}],"replies":[{"embeddable":true,"href":"https:\/\/www.homesweetsweden.se\/nl\/wp-json\/wp\/v2\/comments?post=137"}],"version-history":[{"count":10,"href":"https:\/\/www.homesweetsweden.se\/nl\/wp-json\/wp\/v2\/pages\/137\/revisions"}],"predecessor-version":[{"id":1762,"href":"https:\/\/www.homesweetsweden.se\/nl\/wp-json\/wp\/v2\/pages\/137\/revisions\/1762"}],"wp:attachment":[{"href":"https:\/\/www.homesweetsweden.se\/nl\/wp-json\/wp\/v2\/media?parent=137"}],"curies":[{"name":"wp","href":"https:\/\/api.w.org\/{rel}","templated":true}]}}